{"id":2589,"date":"2023-06-19T13:41:23","date_gmt":"2023-06-19T13:41:23","guid":{"rendered":"https:\/\/www-cbcharta-ch.jointcreate.community\/?page_id=2589"},"modified":"2023-07-18T12:25:28","modified_gmt":"2023-07-18T12:25:28","slug":"impressum","status":"publish","type":"page","link":"https:\/\/energylab.jointcreate.community\/de_ch\/impressum\/","title":{"rendered":"Impressum"},"content":{"rendered":"\t\t<div data-elementor-type=\"wp-page\" data-elementor-id=\"2589\" class=\"elementor elementor-2589\">\n\t\t\t\t\t\t\t\t\t<section class=\"elementor-section elementor-top-section elementor-element elementor-element-ca2bd38 elementor-section-boxed elementor-section-height-default elementor-section-height-default wpr-particle-no wpr-jarallax-no wpr-parallax-no wpr-sticky-section-no\" data-id=\"ca2bd38\" data-element_type=\"section\">\n\t\t\t\t\t\t<div class=\"elementor-container elementor-column-gap-default\">\n\t\t\t\t\t<div class=\"elementor-column elementor-col-100 elementor-top-column elementor-element elementor-element-12f821e\" data-id=\"12f821e\" data-element_type=\"column\">\n\t\t\t<div class=\"elementor-widget-wrap elementor-element-populated\">\n\t\t\t\t\t\t\t\t<section class=\"elementor-section elementor-inner-section elementor-element elementor-element-d8e090e elementor-section-boxed elementor-section-height-default elementor-section-height-default wpr-particle-no wpr-jarallax-no wpr-parallax-no wpr-sticky-section-no\" data-id=\"d8e090e\" data-element_type=\"section\">\n\t\t\t\t\t\t<div class=\"elementor-container elementor-column-gap-default\">\n\t\t\t\t\t<div class=\"elementor-column elementor-col-100 elementor-inner-column elementor-element elementor-element-74795a4\" data-id=\"74795a4\" data-element_type=\"column\">\n\t\t\t<div class=\"elementor-widget-wrap elementor-element-populated\">\n\t\t\t\t\t\t\t\t<div class=\"elementor-element elementor-element-de0a079 elementor-widget elementor-widget-heading\" data-id=\"de0a079\" data-element_type=\"widget\" data-widget_type=\"heading.default\">\n\t\t\t\t<div class=\"elementor-widget-container\">\n\t\t\t<style>\/*! elementor - v3.16.0 - 20-09-2023 *\/\n.elementor-heading-title{padding:0;margin:0;line-height:1}.elementor-widget-heading .elementor-heading-title[class*=elementor-size-]>a{color:inherit;font-size:inherit;line-height:inherit}.elementor-widget-heading .elementor-heading-title.elementor-size-small{font-size:15px}.elementor-widget-heading .elementor-heading-title.elementor-size-medium{font-size:19px}.elementor-widget-heading .elementor-heading-title.elementor-size-large{font-size:29px}.elementor-widget-heading .elementor-heading-title.elementor-size-xl{font-size:39px}.elementor-widget-heading .elementor-heading-title.elementor-size-xxl{font-size:59px}<\/style><h2 class=\"elementor-heading-title elementor-size-default\">Verein Switzerland Innovation Park Central, Schweiz<\/h2>\t\t<\/div>\n\t\t\t\t<\/div>\n\t\t\t\t<div class=\"elementor-element elementor-element-a8bfc52 elementor-widget elementor-widget-text-editor\" data-id=\"a8bfc52\" data-element_type=\"widget\" data-widget_type=\"text-editor.default\">\n\t\t\t\t<div class=\"elementor-widget-container\">\n\t\t\t<style>\/*! elementor - v3.16.0 - 20-09-2023 *\/\n.elementor-widget-text-editor.elementor-drop-cap-view-stacked .elementor-drop-cap{background-color:#69727d;color:#fff}.elementor-widget-text-editor.elementor-drop-cap-view-framed .elementor-drop-cap{color:#69727d;border:3px solid;background-color:transparent}.elementor-widget-text-editor:not(.elementor-drop-cap-view-default) .elementor-drop-cap{margin-top:8px}.elementor-widget-text-editor:not(.elementor-drop-cap-view-default) .elementor-drop-cap-letter{width:1em;height:1em}.elementor-widget-text-editor .elementor-drop-cap{float:left;text-align:center;line-height:1;font-size:50px}.elementor-widget-text-editor .elementor-drop-cap-letter{display:inline-block}<\/style>\t\t\t\t<p><strong>Adresse:<\/strong> Switzerland Innovation Park Central, Suurstoffi 18b, 6343 Rotkreuz, Schweiz<\/p><p><strong>Telefon:<\/strong> +41 41 531 13 23<\/p><p><strong>E-Mail:<\/strong> cbc@building-excellence.ch<\/p><p><strong>Gesch\u00e4ftsf\u00fchrung:<\/strong> Sem Mattli (CEO)<\/p><p><strong>Pr\u00e4sidium:<\/strong> Dirk Hoffmann<\/p><p><strong>Unternehmens-Identifikationsnummer (UID):<\/strong> CHE-417.759.673<\/p><p><strong>Mehrwertsteuer-Nummer:<\/strong> CHE-417.759.673<\/p><div><p>\u00a0<\/p><\/div>\t\t\t\t\t\t<\/div>\n\t\t\t\t<\/div>\n\t\t\t\t\t<\/div>\n\t\t<\/div>\n\t\t\t\t\t\t\t<\/div>\n\t\t<\/section>\n\t\t\t\t\t<\/div>\n\t\t<\/div>\n\t\t\t\t\t\t\t<\/div>\n\t\t<\/section>\n\t\t\t\t<section class=\"elementor-section elementor-top-section elementor-element elementor-element-d56880f elementor-section-boxed elementor-section-height-default elementor-section-height-default wpr-particle-no wpr-jarallax-no wpr-parallax-no wpr-sticky-section-no\" data-id=\"d56880f\" data-element_type=\"section\">\n\t\t\t\t\t\t<div class=\"elementor-container elementor-column-gap-default\">\n\t\t\t\t\t<div class=\"elementor-column elementor-col-100 elementor-top-column elementor-element elementor-element-b047a57\" data-id=\"b047a57\" data-element_type=\"column\">\n\t\t\t<div class=\"elementor-widget-wrap elementor-element-populated\">\n\t\t\t\t\t\t\t\t<section class=\"elementor-section elementor-inner-section elementor-element elementor-element-5efa559 elementor-section-boxed elementor-section-height-default elementor-section-height-default wpr-particle-no wpr-jarallax-no wpr-parallax-no wpr-sticky-section-no\" data-id=\"5efa559\" data-element_type=\"section\">\n\t\t\t\t\t\t<div class=\"elementor-container elementor-column-gap-default\">\n\t\t\t\t\t<div class=\"elementor-column elementor-col-100 elementor-inner-column elementor-element elementor-element-6beb1fc\" data-id=\"6beb1fc\" data-element_type=\"column\">\n\t\t\t<div class=\"elementor-widget-wrap elementor-element-populated\">\n\t\t\t\t\t\t\t\t<div class=\"elementor-element elementor-element-5dc1575 elementor-widget elementor-widget-heading\" data-id=\"5dc1575\" data-element_type=\"widget\" data-widget_type=\"heading.default\">\n\t\t\t\t<div class=\"elementor-widget-container\">\n\t\t\t<h2 class=\"elementor-heading-title elementor-size-default\">Assoziation Switzerland Innovation Park Central, Switzerland<\/h2>\t\t<\/div>\n\t\t\t\t<\/div>\n\t\t\t\t<div class=\"elementor-element elementor-element-503ae29 elementor-widget elementor-widget-text-editor\" data-id=\"503ae29\" data-element_type=\"widget\" data-widget_type=\"text-editor.default\">\n\t\t\t\t<div class=\"elementor-widget-container\">\n\t\t\t\t\t\t\t<p><b>Adress:\u00a0<\/b>Switzerland Innovation Park Central, Suurstoffi 18b, 6343 Rotkreuz, Switzerland<\/p><p><b>Phone:<\/b> \u00a0+41 41 531 13 23<\/p><div><div><b>E-Mail:<\/b>\u00a0 cbc@building-excellence.ch<\/div><div>\u00a0<\/div><div><b>CEO:<\/b> Sem Mattli.<\/div><\/div><div>\u00a0<\/div><div><b>President:<\/b>\u00a0Dirk Hoffmann<\/div><div><div>\u00a0<\/div><div><b>Company Identification (UID):<\/b>\u00a0CHE-417.759.673<\/div><div>\u00a0<\/div><p><b>VAT #:<\/b>\u00a0CHE-417.759.673<\/p><\/div>\t\t\t\t\t\t<\/div>\n\t\t\t\t<\/div>\n\t\t\t\t\t<\/div>\n\t\t<\/div>\n\t\t\t\t\t\t\t<\/div>\n\t\t<\/section>\n\t\t\t\t\t<\/div>\n\t\t<\/div>\n\t\t\t\t\t\t\t<\/div>\n\t\t<\/section>\n\t\t\t\t\t\t\t<\/div>\n\t\t","protected":false},"excerpt":{"rendered":"<p>Verein Switzerland Innovation Park Central, Schweiz Adresse: Switzerland Innovation Park Central, Suurstoffi 18b, 6343 Rotkreuz, Schweiz Telefon: +41 41 531 13 23 E-Mail: cbc@building-excellence.ch Gesch\u00e4ftsf\u00fchrung: Sem Mattli (CEO) Pr\u00e4sidium: Dirk Hoffmann Unternehmens-Identifikationsnummer (UID): CHE-417.759.673 Mehrwertsteuer-Nummer: CHE-417.759.673 \u00a0 Assoziation Switzerland Innovation Park Central, Switzerland Adress:\u00a0Switzerland Innovation Park Central, Suurstoffi 18b, 6343 Rotkreuz, Switzerland Phone: \u00a0+41 41 [&hellip;]<\/p>\n","protected":false},"author":19,"featured_media":3222,"parent":0,"menu_order":0,"comment_status":"closed","ping_status":"closed","template":"page-templates\/landing-page.php","meta":{"footnotes":""},"folder":[],"_links":{"self":[{"href":"https:\/\/energylab.jointcreate.community\/de_ch\/wp-json\/wp\/v2\/pages\/2589"}],"collection":[{"href":"https:\/\/energylab.jointcreate.community\/de_ch\/wp-json\/wp\/v2\/pages"}],"about":[{"href":"https:\/\/energylab.jointcreate.community\/de_ch\/wp-json\/wp\/v2\/types\/page"}],"author":[{"embeddable":true,"href":"https:\/\/energylab.jointcreate.community\/de_ch\/wp-json\/wp\/v2\/users\/19"}],"replies":[{"embeddable":true,"href":"https:\/\/energylab.jointcreate.community\/de_ch\/wp-json\/wp\/v2\/comments?post=2589"}],"version-history":[{"count":51,"href":"https:\/\/energylab.jointcreate.community\/de_ch\/wp-json\/wp\/v2\/pages\/2589\/revisions"}],"predecessor-version":[{"id":4462,"href":"https:\/\/energylab.jointcreate.community\/de_ch\/wp-json\/wp\/v2\/pages\/2589\/revisions\/4462"}],"wp:featuredmedia":[{"embeddable":true,"href":"https:\/\/energylab.jointcreate.community\/de_ch\/wp-json\/wp\/v2\/media\/3222"}],"wp:attachment":[{"href":"https:\/\/energylab.jointcreate.community\/de_ch\/wp-json\/wp\/v2\/media?parent=2589"}],"wp:term":[{"taxonomy":"folder","embeddable":true,"href":"https:\/\/energylab.jointcreate.community\/de_ch\/wp-json\/wp\/v2\/folder?post=2589"}],"curies":[{"name":"wp","href":"https:\/\/api.w.org\/{rel}","templated":true}]}}